{"id":110,"date":"2021-09-22T12:02:15","date_gmt":"2021-09-22T12:02:15","guid":{"rendered":"https:\/\/zhaobingyi.com\/?page_id=110"},"modified":"2021-09-23T09:52:44","modified_gmt":"2021-09-23T09:52:44","slug":"110-2","status":"publish","type":"page","link":"https:\/\/byvision.de\/index.php\/110-2\/","title":{"rendered":""},"content":{"rendered":"\n<div class=\"wp-block-columns is-layout-flex wp-container-core-columns-is-layout-3 wp-block-columns-is-layout-flex\">\n<div class=\"wp-block-column is-layout-flow wp-block-column-is-layout-flow\" style=\"flex-basis:100%\">\n<div class=\"wp-block-columns is-layout-flex wp-container-core-columns-is-layout-2 wp-block-columns-is-layout-flex\">\n<div class=\"wp-block-column is-layout-flow wp-block-column-is-layout-flow\" style=\"flex-basis:100%\">\n<div class=\"wp-block-columns is-layout-flex wp-container-core-columns-is-layout-1 wp-block-columns-is-layout-flex\">\n<div class=\"wp-block-column is-layout-flow wp-block-column-is-layout-flow\" style=\"flex-basis:100%\">\n<div class=\"wp-block-media-text alignwide is-stacked-on-mobile\" style=\"grid-template-columns:17% auto\"><figure class=\"wp-block-media-text__media\"><img loading=\"lazy\" decoding=\"async\" width=\"300\" height=\"108\" src=\"https:\/\/zhaobingyi.com\/wp-content\/uploads\/2021\/09\/Logo-2-300x108.png\" alt=\"\" class=\"wp-image-111 size-full\" srcset=\"https:\/\/byvision.de\/wp-content\/uploads\/2021\/09\/Logo-2-300x108.png 300w, https:\/\/byvision.de\/wp-content\/uploads\/2021\/09\/Logo-2.png 546w\" sizes=\"(max-width: 300px) 100vw, 300px\" \/><\/figure><div class=\"wp-block-media-text__content\">\n<p><strong>Editor:  Bingyi<\/strong><\/p>\n\n\n\n<p><strong>Email:   info@zhaobingyi.com<\/strong><\/p>\n<\/div><\/div>\n<\/div>\n<\/div>\n<\/div>\n<\/div>\n<\/div>\n<\/div>\n\n\n\n<h2 class=\"wp-block-heading\">IMPRESSUM<\/h2>\n\n\n\n<p>Die auf dieser Website abgebildeten Kunstwerke, Photographien, Texte, Graphiken, Sounds, Animationen und Videos unterliegen dem Schutz des Urheberrechts. Die entsprechend gesch\u00fctzten Inhalte dieser Website d\u00fcrfen daher ohne vorherige schriftliche Zustimmung der Urheber insbesondere nicht zu kommerziellen Zwecken vervielf\u00e4ltigt und verbreitet werden.<\/p>\n\n\n\n<p>Alle Informationen dienen ausschlie\u00dflich zur Information der Besucher der Website. F\u00fcr die Richtigkeit, Vollst\u00e4ndigkeit und Aktualit\u00e4t \u00fcbernimmt die BYVISION keine Haftung.<\/p>\n\n\n\n<p>Trotz sorgf\u00e4ltiger, inhaltlicher Kontrolle \u00fcbernimmt die BYVISION ferner keine Haftung f\u00fcr die Inhalte externer Links. F\u00fcr den Inhalt der verlinkten Seiten sind ausschlie\u00dflich deren Betreiber verantwortlich.<\/p>\n\n\n\n<p>Des Weiteren kann der Internetauftritt der BYVISION ohne unsere Kenntnis von einer anderen Seite mittels Hyperlink verlinkt worden sein. Die BYVISION keine Verantwortung f\u00fcr Darstellung, Inhalt oder Verbindung zur BYVISION in Websites Dritter.<\/p>\n","protected":false},"excerpt":{"rendered":"<p>Editor: Bingyi Email: info@zhaobingyi.com IMPRESSUM Die auf dieser Website abgebildeten Kunstwerke, Photographien, Texte, Graphiken, Sounds, Animationen und Videos unterliegen dem Schutz des Urheberrechts. Die entsprechend gesch\u00fctzten Inhalte dieser Website d\u00fcrfen daher ohne vorherige schriftliche Zustimmung der Urheber insbesondere nicht zu kommerziellen Zwecken vervielf\u00e4ltigt und verbreitet werden. Alle Informationen dienen ausschlie\u00dflich<\/p>\n","protected":false},"author":1,"featured_media":0,"parent":0,"menu_order":0,"comment_status":"closed","ping_status":"closed","template":"","meta":{"footnotes":""},"_links":{"self":[{"href":"https:\/\/byvision.de\/index.php\/wp-json\/wp\/v2\/pages\/110"}],"collection":[{"href":"https:\/\/byvision.de\/index.php\/wp-json\/wp\/v2\/pages"}],"about":[{"href":"https:\/\/byvision.de\/index.php\/wp-json\/wp\/v2\/types\/page"}],"author":[{"embeddable":true,"href":"https:\/\/byvision.de\/index.php\/wp-json\/wp\/v2\/users\/1"}],"replies":[{"embeddable":true,"href":"https:\/\/byvision.de\/index.php\/wp-json\/wp\/v2\/comments?post=110"}],"version-history":[{"count":2,"href":"https:\/\/byvision.de\/index.php\/wp-json\/wp\/v2\/pages\/110\/revisions"}],"predecessor-version":[{"id":195,"href":"https:\/\/byvision.de\/index.php\/wp-json\/wp\/v2\/pages\/110\/revisions\/195"}],"wp:attachment":[{"href":"https:\/\/byvision.de\/index.php\/wp-json\/wp\/v2\/media?parent=110"}],"curies":[{"name":"wp","href":"https:\/\/api.w.org\/{rel}","templated":true}]}}